{"id":365,"date":"2024-05-24T15:33:06","date_gmt":"2024-05-24T19:33:06","guid":{"rendered":"https:\/\/aeropro.qc.ca\/career\/"},"modified":"2024-10-09T11:26:00","modified_gmt":"2024-10-09T15:26:00","slug":"career","status":"publish","type":"page","link":"https:\/\/aeropro.qc.ca\/en\/career\/","title":{"rendered":"Career"},"content":{"rendered":"<p>[et_pb_section fb_built=&#8221;1&#8243; custom_padding_last_edited=&#8221;on|tablet&#8221; admin_label=&#8221;Hero&#8221; _builder_version=&#8221;4.25.1&#8243; use_background_color_gradient=&#8221;on&#8221; background_color_gradient_stops=&#8221;rgba(27,31,37,0) 0%|#1b1f25 100%&#8221; background_color_gradient_overlays_image=&#8221;on&#8221; background_color_gradient_start=&#8221;rgba(27,31,37,0)&#8221; background_color_gradient_end=&#8221;#1b1f25&#8243; background_image=&#8221;https:\/\/aeropro.qc.ca\/wp-content\/uploads\/2024\/09\/gestion-aeroport-t-riviere.jpg&#8221; custom_margin=&#8221;0px|||&#8221; custom_padding=&#8221;0px|10%|0px|10%|true|true&#8221; custom_padding_tablet=&#8221;50px|30px||30px|false|true&#8221; custom_padding_phone=&#8221;|||||true&#8221; locked=&#8221;off&#8221; global_colors_info=&#8221;{}&#8221;][et_pb_row column_structure=&#8221;2_3,1_3&#8243; padding_top_bottom_link_1=&#8221;true&#8221; padding_left_right_link_1=&#8221;true&#8221; _builder_version=&#8221;4.16&#8243; background_size=&#8221;initial&#8221; background_position=&#8221;top_left&#8221; width=&#8221;100%&#8221; max_width=&#8221;100%&#8221; custom_margin=&#8221;|||&#8221; custom_padding=&#8221;0||0px||false|false&#8221; use_custom_width=&#8221;on&#8221; width_unit=&#8221;off&#8221; custom_width_percent=&#8221;100%&#8221; global_colors_info=&#8221;{}&#8221;][et_pb_column type=&#8221;2_3&#8243; _builder_version=&#8221;4.16&#8243; use_background_color_gradient=&#8221;on&#8221; background_color_gradient_stops=&#8221;rgba(0,0,0,0.12) 0%|rgba(255,255,255,0) 100%&#8221; background_color_gradient_start=&#8221;rgba(0,0,0,0.12)&#8221; background_color_gradient_end=&#8221;rgba(255,255,255,0)&#8221; custom_padding=&#8221;12vw|40px|12vw|40px&#8221; custom_padding_tablet=&#8221;|||&#8221; custom_padding_phone=&#8221;|10px||10px||true&#8221; custom_padding_last_edited=&#8221;on|desktop&#8221; global_colors_info=&#8221;{}&#8221; padding_phone=&#8221;|10px||10px||true&#8221; padding_tablet=&#8221;|||&#8221; padding_last_edited=&#8221;on|desktop&#8221; custom_padding__hover=&#8221;|||&#8221;][et_pb_text _builder_version=&#8221;4.25.1&#8243; text_font=&#8221;||||||||&#8221; header_font=&#8221;||||||||&#8221; header_4_font=&#8221;Teko|600||on|||||&#8221; header_4_text_color=&#8221;#FFFFFF&#8221; header_4_font_size=&#8221;22px&#8221; header_4_letter_spacing=&#8221;4px&#8221; header_4_line_height=&#8221;1.6em&#8221; custom_margin=&#8221;|||-80px&#8221; custom_margin_tablet=&#8221;|||0px&#8221; custom_margin_phone=&#8221;&#8221; custom_margin_last_edited=&#8221;on|tablet&#8221; animation_style=&#8221;slide&#8221; animation_direction=&#8221;right&#8221; animation_intensity_slide=&#8221;10%&#8221; header_4_text_align_tablet=&#8221;&#8221; header_4_text_align_phone=&#8221;center&#8221; header_4_text_align_last_edited=&#8221;on|phone&#8221; global_colors_info=&#8221;{}&#8221;]<\/p>\n<h4>Join Our Team<\/h4>\n<p>[\/et_pb_text][et_pb_text _builder_version=&#8221;4.25.1&#8243; text_font=&#8221;Lato||||||||&#8221; text_font_size=&#8221;20px&#8221; text_line_height=&#8221;1.8em&#8221; header_font=&#8221;Teko|500||on|||||&#8221; header_text_color=&#8221;#FFFFFF&#8221; header_font_size=&#8221;9vw&#8221; header_letter_spacing=&#8221;0.05em&#8221; header_line_height=&#8221;0.9em&#8221; custom_margin=&#8221;|-10vw|0px|&#8221; custom_margin_tablet=&#8221;|0vw||&#8221; custom_margin_phone=&#8221;|0vw|||false|false&#8221; custom_margin_last_edited=&#8221;on|tablet&#8221; animation_style=&#8221;zoom&#8221; animation_delay=&#8221;100ms&#8221; animation_intensity_zoom=&#8221;10%&#8221; header_text_align_tablet=&#8221;&#8221; header_text_align_phone=&#8221;center&#8221; header_text_align_last_edited=&#8221;on|phone&#8221; header_font_size_tablet=&#8221;&#8221; header_font_size_phone=&#8221;&#8221; header_font_size_last_edited=&#8221;on|phone&#8221; header_line_height_tablet=&#8221;&#8221; header_line_height_phone=&#8221;1.2em&#8221; header_line_height_last_edited=&#8221;on|phone&#8221; header_text_shadow_style=&#8221;preset1&#8243; header_text_shadow_vertical_length=&#8221;0.18em&#8221; header_text_shadow_blur_strength=&#8221;0.27em&#8221; header_text_shadow_color=&#8221;rgba(0,0,0,0.24)&#8221; global_colors_info=&#8221;{}&#8221;]<\/p>\n<h1>Career<\/h1>\n<p>[\/et_pb_text][et_pb_text _builder_version=&#8221;4.25.1&#8243; text_font=&#8221;Lato||||||||&#8221; text_text_color=&#8221;#FFFFFF&#8221; text_font_size=&#8221;20px&#8221; text_line_height=&#8221;1.8em&#8221; header_font=&#8221;||||||||&#8221; custom_margin=&#8221;||60px|10vw&#8221; custom_margin_tablet=&#8221;|||0px&#8221; custom_margin_phone=&#8221;&#8221; custom_margin_last_edited=&#8221;on|tablet&#8221; animation_style=&#8221;slide&#8221; animation_direction=&#8221;left&#8221; animation_intensity_slide=&#8221;10%&#8221; text_orientation_tablet=&#8221;&#8221; text_orientation_phone=&#8221;center&#8221; text_orientation_last_edited=&#8221;on|phone&#8221; locked=&#8221;off&#8221; global_colors_info=&#8221;{}&#8221;]<\/p>\n<p><span style=\"font-weight: 400;\">Joining the A\u00e9ropro Group means becoming part of a dynamic and professional team, as well as an organization that genuinely offers opportunities for both professional and personal growth, regardless of your age.<\/span><\/p>\n<p>[\/et_pb_text][\/et_pb_column][et_pb_column type=&#8221;1_3&#8243; _builder_version=&#8221;4.16&#8243; custom_padding=&#8221;|||&#8221; global_colors_info=&#8221;{}&#8221; custom_padding__hover=&#8221;|||&#8221;][\/et_pb_column][\/et_pb_row][\/et_pb_section][et_pb_section fb_built=&#8221;1&#8243; next_background_color=&#8221;#ffffff&#8221; admin_label=&#8221;Features&#8221; _builder_version=&#8221;4.25.1&#8243; use_background_color_gradient=&#8221;on&#8221; background_color_gradient_stops=&#8221;#ffffff 40%|rgba(255,255,255,0.7) 100%&#8221; background_color_gradient_overlays_image=&#8221;on&#8221; background_color_gradient_start=&#8221;#ffffff&#8221; background_color_gradient_start_position=&#8221;40%&#8221; background_color_gradient_end=&#8221;rgba(255,255,255,0.7)&#8221; background_image=&#8221;https:\/\/aeropro.qc.ca\/wp-content\/uploads\/2024\/08\/aviation-aeropro.jpg&#8221; custom_margin=&#8221;100px||80px||false|false&#8221; custom_padding=&#8221;0px|0px|150px|0px|false|false&#8221; bottom_divider_style=&#8221;arrow&#8221; bottom_divider_arrangement=&#8221;above_content&#8221; bottom_divider_height_tablet=&#8221;&#8221; bottom_divider_height_phone=&#8221;50px&#8221; bottom_divider_height_last_edited=&#8221;on|desktop&#8221; global_colors_info=&#8221;{}&#8221;][et_pb_row _builder_version=&#8221;4.16&#8243; module_alignment=&#8221;center&#8221; use_custom_width=&#8221;on&#8221; locked=&#8221;off&#8221; global_colors_info=&#8221;{}&#8221;][et_pb_column type=&#8221;4_4&#8243; _builder_version=&#8221;4.16&#8243; custom_padding=&#8221;|||&#8221; global_colors_info=&#8221;{}&#8221; custom_padding__hover=&#8221;|||&#8221;][et_pb_text _builder_version=&#8221;4.25.1&#8243; text_font=&#8221;Lato||||||||&#8221; text_font_size=&#8221;20px&#8221; text_line_height=&#8221;1.8em&#8221; header_font=&#8221;||||||||&#8221; header_2_font=&#8221;Teko||||||||&#8221; header_2_text_color=&#8221;#003e5d&#8221; header_2_font_size=&#8221;96px&#8221; text_orientation=&#8221;center&#8221; module_alignment=&#8221;center&#8221; custom_margin=&#8221;||0px|&#8221; header_2_font_size_tablet=&#8221;66px&#8221; header_2_font_size_phone=&#8221;36px&#8221; header_2_font_size_last_edited=&#8221;on|phone&#8221; global_colors_info=&#8221;{}&#8221;]<\/p>\n<h2>Currently available position(s):<\/h2>\n<p>[\/et_pb_text][\/et_pb_column][\/et_pb_row][et_pb_row _builder_version=&#8221;4.25.1&#8243; module_alignment=&#8221;center&#8221; custom_margin=&#8221;60px||||false|false&#8221; custom_margin_tablet=&#8221;60px||||false|false&#8221; custom_margin_phone=&#8221;0px||||false|false&#8221; custom_margin_last_edited=&#8221;on|phone&#8221; custom_padding=&#8221;0px||||false|false&#8221; use_custom_width=&#8221;on&#8221; locked=&#8221;off&#8221; global_colors_info=&#8221;{}&#8221;][et_pb_column type=&#8221;4_4&#8243; _builder_version=&#8221;4.16&#8243; custom_padding=&#8221;|||&#8221; global_colors_info=&#8221;{}&#8221; custom_padding__hover=&#8221;|||&#8221;][et_pb_blog fullwidth=&#8221;off&#8221; posts_number=&#8221;9&#8243; use_manual_excerpt=&#8221;off&#8221; excerpt_length=&#8221;0&#8243; show_author=&#8221;off&#8221; show_date=&#8221;off&#8221; show_excerpt=&#8221;off&#8221; use_overlay=&#8221;on&#8221; overlay_icon_color=&#8221;#003e5d&#8221; hover_overlay_color=&#8221;rgba(255,255,255,0.56)&#8221; hover_icon=&#8221;&#x55;||divi||400&#8243; masonry_tile_background_color=&#8221;#003e5d&#8221; module_class=&#8221;pa-blog-equal-height&#8221; _builder_version=&#8221;4.25.1&#8243; _module_preset=&#8221;default&#8221; header_font=&#8221;Teko|||on|||||&#8221; header_text_align=&#8221;center&#8221; header_text_color=&#8221;#FFFFFF&#8221; header_font_size=&#8221;23px&#8221; header_letter_spacing=&#8221;1px&#8221; meta_font=&#8221;Lato|700|||||||&#8221; meta_text_align=&#8221;center&#8221; meta_text_color=&#8221;#E02B20&#8243; meta_font_size=&#8221;14px&#8221; custom_css_free_form=&#8221;.post-meta a{||  font-weight:700!important;||  pointer-events: none!important;||}&#8221; border_width_all=&#8221;3px&#8221; border_color_all=&#8221;#003e5d&#8221; global_colors_info=&#8221;{}&#8221; border_width_all__hover_enabled=&#8221;on|hover&#8221; border_color_all__hover_enabled=&#8221;on|hover&#8221; border_color_all__hover=&#8221;RGBA(255,255,255,0)&#8221; border_width_all__hover=&#8221;3px&#8221;][\/et_pb_blog][\/et_pb_column][\/et_pb_row][\/et_pb_section]<\/p>\n","protected":false},"excerpt":{"rendered":"<p>Join Our TeamCareerJoining the A\u00e9ropro Group means becoming part of a dynamic and professional team, as well as an organization that genuinely offers opportunities for both professional and personal growth, regardless of your age.Currently available position(s):<\/p>\n","protected":false},"author":1,"featured_media":324,"parent":0,"menu_order":0,"comment_status":"closed","ping_status":"closed","template":"","meta":{"_et_pb_use_builder":"on","_et_pb_old_content":"","_et_gb_content_width":"","footnotes":""},"class_list":["post-365","page","type-page","status-publish","has-post-thumbnail","hentry"],"yoast_head":"<!-- This site is optimized with the Yoast SEO plugin v27.4 - https:\/\/yoast.com\/product\/yoast-seo-wordpress\/ -->\n<title>Join the A\u00e9ropro Group. - A\u00e9ropro<\/title>\n<meta name=\"description\" content=\"Joining the A\u00e9ropro Group means giving yourself the chance to be part of a dynamic and professional team.\" \/>\n<meta name=\"robots\" content=\"index, follow, max-snippet:-1, max-image-preview:large, max-video-preview:-1\" \/>\n<link rel=\"canonical\" href=\"https:\/\/aeropro.qc.ca\/en\/career\/\" \/>\n<meta property=\"og:locale\" content=\"en_US\" \/>\n<meta property=\"og:type\" content=\"article\" \/>\n<meta property=\"og:title\" content=\"Join the A\u00e9ropro Group\" \/>\n<meta property=\"og:description\" content=\"Joining the A\u00e9ropro Group means giving yourself the chance to be part of a dynamic and professional team.\" \/>\n<meta property=\"og:url\" content=\"https:\/\/aeropro.qc.ca\/en\/career\/\" \/>\n<meta property=\"og:site_name\" content=\"A\u00e9ropro\" \/>\n<meta property=\"article:publisher\" content=\"https:\/\/www.facebook.com\/Aeropro.qc.ca\/\" \/>\n<meta property=\"article:modified_time\" content=\"2024-10-09T15:26:00+00:00\" \/>\n<meta property=\"og:image\" content=\"https:\/\/aeropro.qc.ca\/wp-content\/uploads\/2024\/08\/about1-1024x683.jpg\" \/>\n<meta name=\"twitter:card\" content=\"summary_large_image\" \/>\n<meta name=\"twitter:label1\" content=\"Est. reading time\" \/>\n\t<meta name=\"twitter:data1\" content=\"5 minutes\" \/>\n<script type=\"application\/ld+json\" class=\"yoast-schema-graph\">{\"@context\":\"https:\\\/\\\/schema.org\",\"@graph\":[{\"@type\":\"WebPage\",\"@id\":\"https:\\\/\\\/aeropro.qc.ca\\\/en\\\/career\\\/\",\"url\":\"https:\\\/\\\/aeropro.qc.ca\\\/en\\\/career\\\/\",\"name\":\"Join the A\u00e9ropro Group. - A\u00e9ropro\",\"isPartOf\":{\"@id\":\"https:\\\/\\\/aeropro.qc.ca\\\/en\\\/#website\"},\"primaryImageOfPage\":{\"@id\":\"https:\\\/\\\/aeropro.qc.ca\\\/en\\\/career\\\/#primaryimage\"},\"image\":{\"@id\":\"https:\\\/\\\/aeropro.qc.ca\\\/en\\\/career\\\/#primaryimage\"},\"thumbnailUrl\":\"https:\\\/\\\/aeropro.qc.ca\\\/wp-content\\\/uploads\\\/2024\\\/08\\\/aviation-aeropro.jpg\",\"datePublished\":\"2024-05-24T19:33:06+00:00\",\"dateModified\":\"2024-10-09T15:26:00+00:00\",\"description\":\"Joining the A\u00e9ropro Group means giving yourself the chance to be part of a dynamic and professional team.\",\"breadcrumb\":{\"@id\":\"https:\\\/\\\/aeropro.qc.ca\\\/en\\\/career\\\/#breadcrumb\"},\"inLanguage\":\"en-US\",\"potentialAction\":[{\"@type\":\"ReadAction\",\"target\":[\"https:\\\/\\\/aeropro.qc.ca\\\/en\\\/career\\\/\"]}]},{\"@type\":\"ImageObject\",\"inLanguage\":\"en-US\",\"@id\":\"https:\\\/\\\/aeropro.qc.ca\\\/en\\\/career\\\/#primaryimage\",\"url\":\"https:\\\/\\\/aeropro.qc.ca\\\/wp-content\\\/uploads\\\/2024\\\/08\\\/aviation-aeropro.jpg\",\"contentUrl\":\"https:\\\/\\\/aeropro.qc.ca\\\/wp-content\\\/uploads\\\/2024\\\/08\\\/aviation-aeropro.jpg\",\"width\":1920,\"height\":1080},{\"@type\":\"BreadcrumbList\",\"@id\":\"https:\\\/\\\/aeropro.qc.ca\\\/en\\\/career\\\/#breadcrumb\",\"itemListElement\":[{\"@type\":\"ListItem\",\"position\":1,\"name\":\"Accueil\",\"item\":\"https:\\\/\\\/aeropro.qc.ca\\\/en\\\/home\\\/\"},{\"@type\":\"ListItem\",\"position\":2,\"name\":\"Career\"}]},{\"@type\":\"WebSite\",\"@id\":\"https:\\\/\\\/aeropro.qc.ca\\\/en\\\/#website\",\"url\":\"https:\\\/\\\/aeropro.qc.ca\\\/en\\\/\",\"name\":\"A\u00e9ropro\",\"description\":\"Gestion a\u00e9roportuaire\",\"publisher\":{\"@id\":\"https:\\\/\\\/aeropro.qc.ca\\\/en\\\/#organization\"},\"alternateName\":\"A\u00e9ropro, pour des solutions innovantes\",\"potentialAction\":[{\"@type\":\"SearchAction\",\"target\":{\"@type\":\"EntryPoint\",\"urlTemplate\":\"https:\\\/\\\/aeropro.qc.ca\\\/en\\\/?s={search_term_string}\"},\"query-input\":{\"@type\":\"PropertyValueSpecification\",\"valueRequired\":true,\"valueName\":\"search_term_string\"}}],\"inLanguage\":\"en-US\"},{\"@type\":\"Organization\",\"@id\":\"https:\\\/\\\/aeropro.qc.ca\\\/en\\\/#organization\",\"name\":\"A\u00e9ropro\",\"url\":\"https:\\\/\\\/aeropro.qc.ca\\\/en\\\/\",\"logo\":{\"@type\":\"ImageObject\",\"inLanguage\":\"en-US\",\"@id\":\"https:\\\/\\\/aeropro.qc.ca\\\/en\\\/#\\\/schema\\\/logo\\\/image\\\/\",\"url\":\"https:\\\/\\\/aeropro.qc.ca\\\/wp-content\\\/uploads\\\/2024\\\/06\\\/cropped-favicon.png\",\"contentUrl\":\"https:\\\/\\\/aeropro.qc.ca\\\/wp-content\\\/uploads\\\/2024\\\/06\\\/cropped-favicon.png\",\"width\":512,\"height\":512,\"caption\":\"A\u00e9ropro\"},\"image\":{\"@id\":\"https:\\\/\\\/aeropro.qc.ca\\\/en\\\/#\\\/schema\\\/logo\\\/image\\\/\"},\"sameAs\":[\"https:\\\/\\\/www.facebook.com\\\/Aeropro.qc.ca\\\/\"]}]}<\/script>\n<!-- \/ Yoast SEO plugin. -->","yoast_head_json":{"title":"Join the A\u00e9ropro Group. - A\u00e9ropro","description":"Joining the A\u00e9ropro Group means giving yourself the chance to be part of a dynamic and professional team.","robots":{"index":"index","follow":"follow","max-snippet":"max-snippet:-1","max-image-preview":"max-image-preview:large","max-video-preview":"max-video-preview:-1"},"canonical":"https:\/\/aeropro.qc.ca\/en\/career\/","og_locale":"en_US","og_type":"article","og_title":"Join the A\u00e9ropro Group","og_description":"Joining the A\u00e9ropro Group means giving yourself the chance to be part of a dynamic and professional team.","og_url":"https:\/\/aeropro.qc.ca\/en\/career\/","og_site_name":"A\u00e9ropro","article_publisher":"https:\/\/www.facebook.com\/Aeropro.qc.ca\/","article_modified_time":"2024-10-09T15:26:00+00:00","og_image":[{"url":"https:\/\/aeropro.qc.ca\/wp-content\/uploads\/2024\/08\/about1-1024x683.jpg","type":"","width":"","height":""}],"twitter_card":"summary_large_image","twitter_misc":{"Est. reading time":"5 minutes"},"schema":{"@context":"https:\/\/schema.org","@graph":[{"@type":"WebPage","@id":"https:\/\/aeropro.qc.ca\/en\/career\/","url":"https:\/\/aeropro.qc.ca\/en\/career\/","name":"Join the A\u00e9ropro Group. - A\u00e9ropro","isPartOf":{"@id":"https:\/\/aeropro.qc.ca\/en\/#website"},"primaryImageOfPage":{"@id":"https:\/\/aeropro.qc.ca\/en\/career\/#primaryimage"},"image":{"@id":"https:\/\/aeropro.qc.ca\/en\/career\/#primaryimage"},"thumbnailUrl":"https:\/\/aeropro.qc.ca\/wp-content\/uploads\/2024\/08\/aviation-aeropro.jpg","datePublished":"2024-05-24T19:33:06+00:00","dateModified":"2024-10-09T15:26:00+00:00","description":"Joining the A\u00e9ropro Group means giving yourself the chance to be part of a dynamic and professional team.","breadcrumb":{"@id":"https:\/\/aeropro.qc.ca\/en\/career\/#breadcrumb"},"inLanguage":"en-US","potentialAction":[{"@type":"ReadAction","target":["https:\/\/aeropro.qc.ca\/en\/career\/"]}]},{"@type":"ImageObject","inLanguage":"en-US","@id":"https:\/\/aeropro.qc.ca\/en\/career\/#primaryimage","url":"https:\/\/aeropro.qc.ca\/wp-content\/uploads\/2024\/08\/aviation-aeropro.jpg","contentUrl":"https:\/\/aeropro.qc.ca\/wp-content\/uploads\/2024\/08\/aviation-aeropro.jpg","width":1920,"height":1080},{"@type":"BreadcrumbList","@id":"https:\/\/aeropro.qc.ca\/en\/career\/#breadcrumb","itemListElement":[{"@type":"ListItem","position":1,"name":"Accueil","item":"https:\/\/aeropro.qc.ca\/en\/home\/"},{"@type":"ListItem","position":2,"name":"Career"}]},{"@type":"WebSite","@id":"https:\/\/aeropro.qc.ca\/en\/#website","url":"https:\/\/aeropro.qc.ca\/en\/","name":"A\u00e9ropro","description":"Gestion a\u00e9roportuaire","publisher":{"@id":"https:\/\/aeropro.qc.ca\/en\/#organization"},"alternateName":"A\u00e9ropro, pour des solutions innovantes","potentialAction":[{"@type":"SearchAction","target":{"@type":"EntryPoint","urlTemplate":"https:\/\/aeropro.qc.ca\/en\/?s={search_term_string}"},"query-input":{"@type":"PropertyValueSpecification","valueRequired":true,"valueName":"search_term_string"}}],"inLanguage":"en-US"},{"@type":"Organization","@id":"https:\/\/aeropro.qc.ca\/en\/#organization","name":"A\u00e9ropro","url":"https:\/\/aeropro.qc.ca\/en\/","logo":{"@type":"ImageObject","inLanguage":"en-US","@id":"https:\/\/aeropro.qc.ca\/en\/#\/schema\/logo\/image\/","url":"https:\/\/aeropro.qc.ca\/wp-content\/uploads\/2024\/06\/cropped-favicon.png","contentUrl":"https:\/\/aeropro.qc.ca\/wp-content\/uploads\/2024\/06\/cropped-favicon.png","width":512,"height":512,"caption":"A\u00e9ropro"},"image":{"@id":"https:\/\/aeropro.qc.ca\/en\/#\/schema\/logo\/image\/"},"sameAs":["https:\/\/www.facebook.com\/Aeropro.qc.ca\/"]}]}},"_links":{"self":[{"href":"https:\/\/aeropro.qc.ca\/en\/wp-json\/wp\/v2\/pages\/365","targetHints":{"allow":["GET"]}}],"collection":[{"href":"https:\/\/aeropro.qc.ca\/en\/wp-json\/wp\/v2\/pages"}],"about":[{"href":"https:\/\/aeropro.qc.ca\/en\/wp-json\/wp\/v2\/types\/page"}],"author":[{"embeddable":true,"href":"https:\/\/aeropro.qc.ca\/en\/wp-json\/wp\/v2\/users\/1"}],"replies":[{"embeddable":true,"href":"https:\/\/aeropro.qc.ca\/en\/wp-json\/wp\/v2\/comments?post=365"}],"version-history":[{"count":7,"href":"https:\/\/aeropro.qc.ca\/en\/wp-json\/wp\/v2\/pages\/365\/revisions"}],"predecessor-version":[{"id":584,"href":"https:\/\/aeropro.qc.ca\/en\/wp-json\/wp\/v2\/pages\/365\/revisions\/584"}],"wp:featuredmedia":[{"embeddable":true,"href":"https:\/\/aeropro.qc.ca\/en\/wp-json\/wp\/v2\/media\/324"}],"wp:attachment":[{"href":"https:\/\/aeropro.qc.ca\/en\/wp-json\/wp\/v2\/media?parent=365"}],"curies":[{"name":"wp","href":"https:\/\/api.w.org\/{rel}","templated":true}]}}